{"id":88,"date":"2012-10-16T14:34:48","date_gmt":"2012-10-16T12:34:48","guid":{"rendered":"http:\/\/localhost\/wordpress\/?page_id=88"},"modified":"2025-06-06T16:27:52","modified_gmt":"2025-06-06T14:27:52","slug":"catering","status":"publish","type":"page","link":"https:\/\/www.bramat.nu\/?page_id=88","title":{"rendered":"Catering"},"content":{"rendered":"<p style=\"text-align: center;\">Vi p\u00e5 Bra Mat hj\u00e4lper dig g\u00e4rna med festen!<\/p>\n<p style=\"text-align: center;\">P\u00e5 den h\u00e4r sidan finner ni v\u00e5ra olika cateringmenyer, tilltugg &amp; vickningar. Vi tar emot din best\u00e4llning senast tre dagar innan avh\u00e4mtning och g\u00f6r catering f\u00f6r minst tio kuvert om inget annat anges.<\/p>\n<p style=\"text-align: center;\"><b>Bra Mats kalla buff\u00e9er<\/b><\/p>\n<p style=\"text-align: center;\"><span style=\"color: #0000ff; text-decoration: underline;\">Italiensk<\/span><\/p>\n<p style=\"text-align: center;\">\u00d6rt &amp; vitl\u00f6ksgrillad ryggbiff skuren i tunna skivor<\/p>\n<p style=\"text-align: center;\">Salviamarinerade kycklingspett lindade i parmaskinka<\/p>\n<p style=\"text-align: center;\">Tapenadebakad lax p\u00e5 f\u00e4rsk ruccola<\/p>\n<p style=\"text-align: center;\">Pastasallad med grillade gr\u00f6nsaker, rostade solrosfr\u00f6n &amp; parmesanost<\/p>\n<p style=\"text-align: center;\">Anti Pasto<\/p>\n<p style=\"text-align: center;\">Salsa Verde<\/p>\n<p style=\"text-align: center;\">Gorgonzola med kex &amp; druvor<\/p>\n<p style=\"text-align: center;\">Italienskt surdegsbr\u00f6d med soltorkade tomater och oliver<\/p>\n<p style=\"text-align: center;\">Tiramisu<\/p>\n<p style=\"text-align: center;\">345:-<\/p>\n<p style=\"text-align: center;\"><span style=\"text-decoration: underline; color: #3366ff;\"><b>R\u00f6k o grill<\/b><\/span><\/p>\n<p style=\"text-align: center;\">BBQ- grillad fl\u00e4skfil\u00e9<\/p>\n<p style=\"text-align: center;\">Cajunr\u00f6kt lax<\/p>\n<p style=\"text-align: center;\">R\u00f6kta r\u00e4kor<\/p>\n<p style=\"text-align: center;\">S\u00f6tpotatissallad med rostade pumpak\u00e4rnor, v\u00e5rl\u00f6k och mangold<\/p>\n<p style=\"text-align: center;\">Grillade majskolvar med glace<\/p>\n<p style=\"text-align: center;\">Coleslaw<\/p>\n<p style=\"text-align: center;\">B\u00f6nsallad med stickl\u00f6k, persilja &amp; blekselleri<\/p>\n<p style=\"text-align: center;\">Ranchs\u00e5s<\/p>\n<p style=\"text-align: center;\">Gr\u00f6nsallad<\/p>\n<p style=\"text-align: center;\">Baguette<\/p>\n<p style=\"text-align: center;\">Brownies<\/p>\n<p style=\"text-align: center;\">320:-<\/p>\n<p style=\"text-align: center;\"><span style=\"color: #3366ff; text-decoration: underline;\"><b>Bra mat rekommenderar<\/b><\/span><\/p>\n<p style=\"text-align: center;\">Rosastekt ryggbiff marinerad i soltorkade tomater &amp; basilika<\/p>\n<p style=\"text-align: center;\">Persiljestekt lax toppad med f\u00e4nk\u00e5lscr\u00e8me<\/p>\n<p style=\"text-align: center;\">Heta tigerr\u00e4kor p\u00e5 spett<\/p>\n<p style=\"text-align: center;\">S\u00f6tpotatissallad med rostade pumpak\u00e4rnor, v\u00e5rl\u00f6k och mangold<\/p>\n<p style=\"text-align: center;\">Stekt tortilla fylld med f\u00e4rsk spenat, mozzarella och parmaskinka<\/p>\n<p style=\"text-align: center;\">Marinerad kron\u00e4rtskocka<\/p>\n<p style=\"text-align: center;\">Tomatsallad med finhackad schalottenl\u00f6k &amp; persilja<\/p>\n<p style=\"text-align: center;\">Baguette<\/p>\n<p style=\"text-align: center;\">Vaniljpannacotta med hallont\u00e4cke<\/p>\n<p style=\"text-align: center;\">320:-<\/p>\n<p style=\"text-align: center;\"><span style=\"text-decoration: underline; color: #3366ff;\"><b>\u00a0Sommar<\/b><\/span><\/p>\n<p style=\"text-align: center;\">Cajungrillad kyckling med cesarsallad<\/p>\n<p style=\"text-align: center;\">Varmr\u00f6kt lax<\/p>\n<p style=\"text-align: center;\">Fransk potatissallad<\/p>\n<p style=\"text-align: center;\">Skaldjurspaj med f\u00e4rskspenat och v\u00e4sterbottenost<\/p>\n<p style=\"text-align: center;\">Baguette<\/p>\n<p style=\"text-align: center;\">Fruktfat<\/p>\n<p style=\"text-align: center;\">320:-<\/p>\n<p style=\"text-align: center;\"><span style=\"text-decoration: underline; color: #3366ff;\"><b>Sm\u00f6rrebr\u00f6d p\u00e5 Bra Mats r\u00e5gbr\u00f6d minsta antal 8st av varje<\/b><\/span><\/p>\n<p style=\"text-align: center;\">Stekt torsk med dansk remoulad, citron och dill<\/p>\n<p style=\"text-align: center;\">R\u00e4kor, \u00e4gg, majonn\u00e4s &amp; dill<\/p>\n<p style=\"text-align: center;\">Varmr\u00f6kt laxr\u00f6ra med tomat sallad &amp; gurka<\/p>\n<p style=\"text-align: center;\">Rostbiff med picklade gr\u00f6nsaker, \u00f6rtmajonn\u00e4s och krasse<\/p>\n<p style=\"text-align: center;\">75:- st<\/p>\n<p style=\"text-align: center;\"><span style=\"text-decoration: underline; color: #3366ff;\"><b>Bra Mats varma buff\u00e9er<\/b><\/span><\/p>\n<p style=\"text-align: center;\"><b>\u00a0h\u00f6stmeny<\/b><\/p>\n<p style=\"text-align: center;\">V\u00e4sterbottengratinerade crepes med kantarellstuvning<\/p>\n<p style=\"text-align: center;\">Helstekt lammrostbiff p\u00e5 persiljeslungade svartr\u00f6tter<\/p>\n<p style=\"text-align: center;\">Glaserade rotfrukter med timjan och honung<\/p>\n<p style=\"text-align: center;\">Gr\u00f6npeppars\u00e5s med smak av cognac<\/p>\n<p style=\"text-align: center;\">Gr\u00f6nsallad med vin\u00e4grett<\/p>\n<p style=\"text-align: center;\">Baguette med sm\u00f6r<\/p>\n<p style=\"text-align: center;\">\u00c4ppelpaj med rostad mandel och hemgjord vaniljs\u00e5s<\/p>\n<p style=\"text-align: center;\">495:-<\/p>\n<p>\u00a0 \u00a0 \u00a0 \u00a0 \u00a0 \u00a0 \u00a0 \u00a0 \u00a0 \u00a0 \u00a0 \u00a0 \u00a0 \u00a0 \u00a0 \u00a0 \u00a0 \u00a0 \u00a0 \u00a0 \u00a0 \u00a0 \u00a0 \u00a0 \u00a0 \u00a0 \u00a0 \u00a0 \u00a0 \u00a0Minsta antal 8 pers\u00a0 \u00a0 \u00a0 \u00a0 \u00a0 \u00a0 \u00a0 \u00a0 \u00a0 \u00a0 \u00a0 \u00a0 \u00a0 \u00a0 \u00a0 \u00a0 \u00a0 \u00a0 \u00a0 \u00a0 \u00a0 \u00a0 \u00a0 \u00a0 \u00a0 \u00a0 \u00a0 \u00a0 \u00a0 \u00a0 \u00a0 \u00a0 \u00a0 \u00a0 \u00a0 \u00a0 \u00a0 \u00a0 \u00a0 \u00a0 \u00a0 \u00a0 \u00a0 \u00a0 \u00a0 \u00a0 \u00a0 \u00a0 \u00a0 \u00a0 \u00a0 \u00a0 \u00a0 \u00a0 \u00a0 \u00a0 \u00a0 \u00a0 \u00a0 \u00a0 \u00a0 \u00a0 \u00a0\u00a0<b><\/b><\/p>\n<p style=\"text-align: center;\"><span style=\"text-decoration: underline; color: #3366ff;\"><b>Retro<\/b><\/span><\/p>\n<p style=\"text-align: center;\">R\u00e4kcocktail<b><\/b><\/p>\n<p style=\"text-align: center;\">Minibiff a l\u00e1 Lindstr\u00f6m med persiljesm\u00f6r och r\u00e5stekt potatis samt r\u00f6dvinssky<\/p>\n<p style=\"text-align: center;\">Kall inkokt lax med skarps\u00e5s och dillkokt potatis<\/p>\n<p style=\"text-align: center;\">Fisk och skaldjurspat\u00e9 med cumberlands\u00e5s<\/p>\n<p style=\"text-align: center;\">Gr\u00f6nsallad med vin\u00e4grett<\/p>\n<p style=\"text-align: center;\">Painriche med sm\u00f6r<\/p>\n<p style=\"text-align: center;\">Gorgonzola med p\u00e4ron och digestivekex<\/p>\n<p style=\"text-align: center;\">Citronfromage<\/p>\n<p style=\"text-align: center;\">395:-<\/p>\n<p style=\"text-align: center;\">Minsta antal 10 pers<\/p>\n<p style=\"text-align: center;\"><span style=\"color: #3366ff; text-decoration: underline;\"><b>Kombinerade trer\u00e4ttersmenyer: Vardags lyx<\/b><\/span><\/p>\n<p style=\"text-align: center;\">Klassisk Toast Skagen med sp\u00e4d sallad<\/p>\n<p style=\"text-align: center;\">Bouillabaisse med aioli och rostat vitl\u00f6ksbr\u00f6d<\/p>\n<p style=\"text-align: center;\">Vaniljpannacotta med hallont\u00e4cke<\/p>\n<p style=\"text-align: center;\">Gr\u00f6nsallad med vin\u00e4grett<\/p>\n<p style=\"text-align: center;\">Baguett &amp; sm\u00f6r<\/p>\n<p style=\"text-align: center;\">450:-<\/p>\n<p style=\"text-align: center;\">Minsta antal 1 pers<\/p>\n<p style=\"text-align: center;\">Toast Skagen p\u00e5\u00a0\u00a0sp\u00e4d sallad<\/p>\n<p style=\"text-align: center;\">Pocherad torskrygg med nyriven pepparot, skirat sm\u00f6r och mandelpotatispur\u00e9<\/p>\n<p style=\"text-align: center;\">Vaniljparfait med myltade hallon<\/p>\n<p style=\"text-align: center;\">Gr\u00f6nsallad med vin\u00e4grett<\/p>\n<p style=\"text-align: center;\">Baguette &amp; sm\u00f6r<\/p>\n<p style=\"text-align: center;\">595:-<\/p>\n<p style=\"text-align: center;\">Minsta antal 8 pers<\/p>\n<p style=\"text-align: center;\">Cognacsdoftande hummersoppa med r\u00e4kor &amp; frasiga krutonger<\/p>\n<p style=\"text-align: center;\">Oxfil\u00e9 tournedos med potatisterrin, rostad vitl\u00f6kssky samt tomatconfit<\/p>\n<p style=\"text-align: center;\">Gr\u00f6nsallad &amp; vin\u00e4grett<\/p>\n<p style=\"text-align: center;\">Baguette med sm\u00f6r<\/p>\n<p style=\"text-align: center;\">Vanilj pannacotta med hallon<\/p>\n<p style=\"text-align: center;\">595:-<\/p>\n<p style=\"text-align: center;\">Minsta antal 8 pers<\/p>\n<p style=\"text-align: center;\"><span style=\"color: #3366ff;\"><b><u>Sm\u00f6rg\u00e5st\u00e5rta<\/u><\/b><\/span><\/p>\n<p style=\"text-align: center;\">Fisk- och skaldjurs t\u00e5rta (fem lager) minst 9 bitar 110:-\/ bit<\/p>\n<p style=\"text-align: center;\">Italiensk charkuterit\u00e5rta (fyra lager ) minst 15 bitar 125:-\/bit<\/p>\n<p style=\"text-align: center;\">Klassisk Landg\u00e5ng 255:- minst antal 15st<\/p>\n<p style=\"text-align: center;\"><b>Mingel\/Cocktail\/Tilltugg: minsta antal 10st av varje sort<\/b><\/p>\n<p style=\"text-align: center;\">Toast Skagen 35:-<\/p>\n<p style=\"text-align: center;\">Rucola &amp; mozzarellafylld tortilla 30:-<\/p>\n<p style=\"text-align: center;\">Tortilla fylld med parmaskinka, rucola &amp; mozzarella 35:-<\/p>\n<p style=\"text-align: center;\">Gubbr\u00f6ra p\u00e5 hembakt r\u00e5gbr\u00f6d 35:-<\/p>\n<p style=\"text-align: center;\"><b>Vi levererar med egna bilar till \u00f6nskad plats.\u00a0Retur &amp; transport tillkommer vid anv\u00e4ndning av v\u00e5rt porslin och \u00f6vrig utrustning. M\u00f6jligheten finns att sj\u00e4lv h\u00e4mta och returnera godset till v\u00e5r adress. All v\u00e5r mat levereras p\u00e5 uppl\u00e4ggningsfat av porslin i \u00e5tervinningsbara plastbackar. \u00a0Vi serverar \u00e4ven mat p\u00e5 eng\u00e5ngsfat\/sk\u00e5lar till en extrakostnad p\u00e5 20\u00ad\u00ad:- st.<\/b><\/p>\n<p style=\"text-align: center;\"><b>Leveranskostnad n\u00e4romr\u00e5det Sundbyberg\/Solna vardagar: 250:- &amp; helger\/kv\u00e4llar 450:-\u00a0\u00a0Returkostnad n\u00e4romr\u00e5det Sundbyberg\/Solna vardagar: 250:-\u00a0&amp; helger\/kv\u00e4llar 450:-\u00a0<\/b><\/p>\n<p style=\"text-align: center;\"><b>\u00f6vrigt enligt \u00f6vk\u00a0\u00a0\u00a0\u00a0\u00a0\u00a0<\/b><\/p>\n<p style=\"text-align: center;\"><b>Bokningsrutiner:<\/b><\/p>\n<p style=\"text-align: center;\">Vi vill g\u00e4rna att ni bokar er best\u00e4llning s\u00e5 tidigt som m\u00f6jligt, senast tre dagar innan leveransdatum. \u00c4ndring av antal g\u00f6rs tre dagar innan leverans f\u00f6r att slippa debitering. Sj\u00e4lvklart \u00e4r ni v\u00e4lkomna att ringa p\u00e5 kortare varsel men d\u00e5 f\u00f6rbeh\u00e5ller vi oss r\u00e4tten att \u00e4ndra i menyn.<\/p>\n<p style=\"text-align: center;\"><b>Betalningsvillkor:<\/b><\/p>\n<p style=\"text-align: center;\">10 dagar netto vid fakturering. Faktureringsavgift 75:- debiteras<\/p>\n<p style=\"text-align: center;\">Alla priser \u00e4r inkl. moms<\/p>\n<p style=\"text-align: center;\">Minimum per best\u00e4llning \u00e4r 10 personer, om inte annat st\u00e5r med undantag frukost\/fika 20 personer.<b><i>\u00a0<\/i>\u00a0\u00a0\u00a0\u00a0\u00a0\u00a0\u00a0\u00a0\u00a0\u00a0\u00a0\u00a0\u00a0\u00a0\u00a0\u00a0\u00a0\u00a0\u00a0\u00a0\u00a0\u00a0\u00a0\u00a0\u00a0\u00a0\u00a0\u00a0\u00a0\u00a0\u00a0\u00a0\u00a0\u00a0\u00a0\u00a0\u00a0<\/b><\/p>\n<p style=\"text-align: center;\"><b>Bra att veta n\u00e4r du best\u00e4ller catering av oss p\u00e5 bra mat:<\/b><\/p>\n<p style=\"text-align: center;\">Is till festen eller tillst\u00e4llningen ing\u00e5r<\/p>\n<p style=\"text-align: center;\">Kostnadsfri r\u00e5dgivning.<\/p>\n<p style=\"text-align: center;\">Utk\u00f6rning av er mat till och fr\u00e5n med en extrakostnad<\/p>\n<p style=\"text-align: center;\">Alla priser \u00e4r inklusive moms (inga extrakostnader)<\/p>\n<p style=\"text-align: center;\">Dessa menyer \u00e4r f\u00f6rslag som vi rekommenderar och tycker passar ihop. Har ni andra favoriter eller id\u00e9er\u00a0 \u00e4r vi \u00f6ppna f\u00f6r f\u00f6rslag!<\/p>\n<p style=\"text-align: center;\">Ni n\u00e5r oss p\u00e5:<\/p>\n<p style=\"text-align: center;\">Tulegatan 54\u00a0\u00a0 08-291228\u00a0 \u00a0info@bramat.nu<\/p>\n<p style=\"text-align: center;\">www.bramat.nu<\/p>\n","protected":false},"excerpt":{"rendered":"<p>Vi p\u00e5 Bra Mat hj\u00e4lper dig g\u00e4rna med festen! P\u00e5 den h\u00e4r sidan finner ni v\u00e5ra olika cateringmenyer, tilltugg &amp; vickningar. Vi tar emot din best\u00e4llning senast tre dagar innan avh\u00e4mtning och g\u00f6r catering f\u00f6r minst tio kuvert om inget &hellip; <a href=\"https:\/\/www.bramat.nu\/?page_id=88\">L\u00e4s mer <span class=\"meta-nav\">&rarr;<\/span><\/a><\/p>\n","protected":false},"author":1,"featured_media":0,"parent":0,"menu_order":4,"comment_status":"closed","ping_status":"open","template":"","meta":{"footnotes":""},"class_list":["post-88","page","type-page","status-publish","hentry"],"_links":{"self":[{"href":"https:\/\/www.bramat.nu\/index.php?rest_route=\/wp\/v2\/pages\/88","targetHints":{"allow":["GET"]}}],"collection":[{"href":"https:\/\/www.bramat.nu\/index.php?rest_route=\/wp\/v2\/pages"}],"about":[{"href":"https:\/\/www.bramat.nu\/index.php?rest_route=\/wp\/v2\/types\/page"}],"author":[{"embeddable":true,"href":"https:\/\/www.bramat.nu\/index.php?rest_route=\/wp\/v2\/users\/1"}],"replies":[{"embeddable":true,"href":"https:\/\/www.bramat.nu\/index.php?rest_route=%2Fwp%2Fv2%2Fcomments&post=88"}],"version-history":[{"count":35,"href":"https:\/\/www.bramat.nu\/index.php?rest_route=\/wp\/v2\/pages\/88\/revisions"}],"predecessor-version":[{"id":4188,"href":"https:\/\/www.bramat.nu\/index.php?rest_route=\/wp\/v2\/pages\/88\/revisions\/4188"}],"wp:attachment":[{"href":"https:\/\/www.bramat.nu\/index.php?rest_route=%2Fwp%2Fv2%2Fmedia&parent=88"}],"curies":[{"name":"wp","href":"https:\/\/api.w.org\/{rel}","templated":true}]}}