{"id":4,"date":"2012-08-14T07:31:53","date_gmt":"2012-08-14T05:31:53","guid":{"rendered":"http:\/\/localhost\/wordpress\/?page_id=4"},"modified":"2017-11-30T12:42:06","modified_gmt":"2017-11-30T11:42:06","slug":"restaurangen","status":"publish","type":"page","link":"https:\/\/www.bramat.nu\/?page_id=4","title":{"rendered":"Restaurang menyer"},"content":{"rendered":"<p><strong>I restaurangen \u00e4r stomen fisk &amp; skaldjur d\u00e4r menyerna skrivs efter s\u00e4song. R\u00e5varan kommer alltid att st\u00e5 i centrum. Grillen anv\u00e4nds flitigt men \u00e4ven l\u00e4ttare pocherade fiskr\u00e4tter serveras. F\u00e4rska skaldjur med passande viner och \u00f6l f\u00f6r de som vill avnjuta n\u00e5got extra. Alltid nybakat br\u00f6d fr\u00e5n v\u00e5rat eget bageri.<\/strong><\/p>\n<p><strong>F\u00f6r att g\u00f6ra alla glada har vi \u00e4ven n\u00e5gra k\u00f6ttr\u00e4tter p\u00e5 menyn. Givetvis st\u00e5r r\u00e5varan i centrum \u00e4ven h\u00e4r. Vi p\u00e5 Bra Mat hoppas och tror att vi kan ge er en h\u00e4rlig smakupplevelse och m\u00e5nga skratt.<\/strong><\/p>\n<p><strong>Varmt v\u00e4lkomen!<\/strong><\/p>\n<p>&nbsp;<\/p>\n<p style=\"text-align: center;\"><img loading=\"lazy\" decoding=\"async\" class=\"aligncenter wp-image-56\" style=\"border: 0px currentColor;\" title=\"bramat_restaurang\" src=\"https:\/\/www.bramat.nu\/wp-content\/uploads\/2012\/08\/bramat_restaurang.jpg\" alt=\"\" width=\"540\" height=\"347\" srcset=\"https:\/\/www.bramat.nu\/wp-content\/uploads\/2012\/08\/bramat_restaurang.jpg 540w, https:\/\/www.bramat.nu\/wp-content\/uploads\/2012\/08\/bramat_restaurang-300x192.jpg 300w, https:\/\/www.bramat.nu\/wp-content\/uploads\/2012\/08\/bramat_restaurang-466x300.jpg 466w\" sizes=\"auto, (max-width: 540px) 100vw, 540px\" \/><\/p>\n","protected":false},"excerpt":{"rendered":"<p>I restaurangen \u00e4r stomen fisk &amp; skaldjur d\u00e4r menyerna skrivs efter s\u00e4song. R\u00e5varan kommer alltid att st\u00e5 i centrum. Grillen anv\u00e4nds flitigt men \u00e4ven l\u00e4ttare pocherade fiskr\u00e4tter serveras. F\u00e4rska skaldjur med passande viner och \u00f6l f\u00f6r de som vill avnjuta &hellip; <a href=\"https:\/\/www.bramat.nu\/?page_id=4\">L\u00e4s mer <span class=\"meta-nav\">&rarr;<\/span><\/a><\/p>\n","protected":false},"author":1,"featured_media":56,"parent":0,"menu_order":2,"comment_status":"closed","ping_status":"closed","template":"","meta":{"footnotes":""},"class_list":["post-4","page","type-page","status-publish","has-post-thumbnail","hentry"],"_links":{"self":[{"href":"https:\/\/www.bramat.nu\/index.php?rest_route=\/wp\/v2\/pages\/4","targetHints":{"allow":["GET"]}}],"collection":[{"href":"https:\/\/www.bramat.nu\/index.php?rest_route=\/wp\/v2\/pages"}],"about":[{"href":"https:\/\/www.bramat.nu\/index.php?rest_route=\/wp\/v2\/types\/page"}],"author":[{"embeddable":true,"href":"https:\/\/www.bramat.nu\/index.php?rest_route=\/wp\/v2\/users\/1"}],"replies":[{"embeddable":true,"href":"https:\/\/www.bramat.nu\/index.php?rest_route=%2Fwp%2Fv2%2Fcomments&post=4"}],"version-history":[{"count":16,"href":"https:\/\/www.bramat.nu\/index.php?rest_route=\/wp\/v2\/pages\/4\/revisions"}],"predecessor-version":[{"id":1888,"href":"https:\/\/www.bramat.nu\/index.php?rest_route=\/wp\/v2\/pages\/4\/revisions\/1888"}],"wp:featuredmedia":[{"embeddable":true,"href":"https:\/\/www.bramat.nu\/index.php?rest_route=\/wp\/v2\/media\/56"}],"wp:attachment":[{"href":"https:\/\/www.bramat.nu\/index.php?rest_route=%2Fwp%2Fv2%2Fmedia&parent=4"}],"curies":[{"name":"wp","href":"https:\/\/api.w.org\/{rel}","templated":true}]}}