{"id":3885,"date":"2024-05-10T18:27:57","date_gmt":"2024-05-10T16:27:57","guid":{"rendered":"https:\/\/www.bramat.nu\/?page_id=3885"},"modified":"2026-05-07T18:15:34","modified_gmt":"2026-05-07T16:15:34","slug":"oppet-tider","status":"publish","type":"page","link":"https:\/\/www.bramat.nu\/?page_id=3885","title":{"rendered":"\u00d6ppet tider"},"content":{"rendered":"\n<p>Avvikande tider:<\/p>\n\n\n\n<p>14 Maj st\u00e4ngt<\/p>\n\n\n\n<p><\/p>\n\n\n\n<p>\u00f6ppet tider:<\/p>\n\n\n\n<p>M\u00e5ndag 10.00-14.00<\/p>\n\n\n\n<p>Tisdag-Torsdag 10.00-21.00<\/p>\n\n\n\n<p>Fredag 10.00-23.00<\/p>\n\n\n\n<p>L\u00f6rdag 16.00-23.00<\/p>\n","protected":false},"excerpt":{"rendered":"<p>Avvikande tider: 14 Maj st\u00e4ngt \u00f6ppet tider: M\u00e5ndag 10.00-14.00 Tisdag-Torsdag 10.00-21.00 Fredag 10.00-23.00 L\u00f6rdag 16.00-23.00<\/p>\n","protected":false},"author":1,"featured_media":0,"parent":0,"menu_order":1,"comment_status":"closed","ping_status":"closed","template":"","meta":{"footnotes":""},"class_list":["post-3885","page","type-page","status-publish","hentry"],"_links":{"self":[{"href":"https:\/\/www.bramat.nu\/index.php?rest_route=\/wp\/v2\/pages\/3885","targetHints":{"allow":["GET"]}}],"collection":[{"href":"https:\/\/www.bramat.nu\/index.php?rest_route=\/wp\/v2\/pages"}],"about":[{"href":"https:\/\/www.bramat.nu\/index.php?rest_route=\/wp\/v2\/types\/page"}],"author":[{"embeddable":true,"href":"https:\/\/www.bramat.nu\/index.php?rest_route=\/wp\/v2\/users\/1"}],"replies":[{"embeddable":true,"href":"https:\/\/www.bramat.nu\/index.php?rest_route=%2Fwp%2Fv2%2Fcomments&post=3885"}],"version-history":[{"count":28,"href":"https:\/\/www.bramat.nu\/index.php?rest_route=\/wp\/v2\/pages\/3885\/revisions"}],"predecessor-version":[{"id":4447,"href":"https:\/\/www.bramat.nu\/index.php?rest_route=\/wp\/v2\/pages\/3885\/revisions\/4447"}],"wp:attachment":[{"href":"https:\/\/www.bramat.nu\/index.php?rest_route=%2Fwp%2Fv2%2Fmedia&parent=3885"}],"curies":[{"name":"wp","href":"https:\/\/api.w.org\/{rel}","templated":true}]}}