{"id":3039,"date":"2021-10-29T19:16:47","date_gmt":"2021-10-29T17:16:47","guid":{"rendered":"https:\/\/www.bramat.nu\/?page_id=3039"},"modified":"2025-10-21T14:55:19","modified_gmt":"2025-10-21T12:55:19","slug":"jullistan","status":"publish","type":"page","link":"https:\/\/www.bramat.nu\/?page_id=3039","title":{"rendered":"Jullistan"},"content":{"rendered":"<div class=\"wp-block-image is-resized is-style-rounded\">\n<figure class=\"aligncenter size-large\"><a href=\"https:\/\/www.bramat.nu\/wp-content\/uploads\/2019\/10\/julkula.jpeg\"><img loading=\"lazy\" decoding=\"async\" width=\"480\" height=\"640\" src=\"https:\/\/www.bramat.nu\/wp-content\/uploads\/2019\/10\/julkula.jpeg\" alt=\"\" class=\"wp-image-2533\" srcset=\"https:\/\/www.bramat.nu\/wp-content\/uploads\/2019\/10\/julkula.jpeg 480w, https:\/\/www.bramat.nu\/wp-content\/uploads\/2019\/10\/julkula-225x300.jpeg 225w\" sizes=\"auto, (max-width: 480px) 100vw, 480px\" \/><\/a><\/figure>\n<\/div>\n\n\n<p>Inlagd sill\u00a0\u00a0   (1,75dl) 70kr_______<\/p>\n\n\n\n<p>Husfru-sill\u00a0\u00a0\u00a0\u00a0(1,75dl) 70kr_______<\/p>\n\n\n\n<p>Senapssill\u00a0\u00a0\u00a0\u00a0 (1,75dl) 70kr_______<\/p>\n\n\n\n<p>\u00d6rt&amp;vitl\u00f6kssill\u00a0  (1,75dl) 70kr_______\u00a0<\/p>\n\n\n\n<p>Chili, lime &amp; citrongr\u00e4s-sill (1,75dl)  70kr________<\/p>\n\n\n\n<p>Skagen\u00a0\u00a0\u00a0\u00a0 (1,75dl)100kr_______<\/p>\n\n\n\n<p>Gubbr\u00f6ra\u00a0\u00a0\u00a0\u00a0\u00a0\u00a0 (1,75dl)70kr_______<\/p>\n\n\n\n<p>Gravadlax ca 2hg 105kr____________st<\/p>\n\n\n\n<p>Varmr\u00f6ktlax&nbsp; ca 3hg 120kr&nbsp; ____________ st<\/p>\n\n\n\n<p>Varmr\u00f6kta laxslag 2hg  100kr __________st<\/p>\n\n\n\n<p>Sauce verd (\u00f6rt &amp; vitl\u00f6k) (1,75dl) 50kr______st<\/p>\n\n\n\n<p>Aioli Liten  (1,75dl) 50kr________st<\/p>\n\n\n\n<p>Hovm\u00e4stars\u00e5s  (1,75dl)50kr_____st<\/p>\n\n\n\n<p>Jansons frestelse__________85:-\/st<\/p>\n\n\n\n<p>Julskinka(Skivad) ca2hg&nbsp; 55kr_____________st<\/p>\n\n\n\n<p>k\u00f6ttbullar(hemgjorda) ca 3hg 100kr___________st<\/p>\n\n\n\n<p>Prinskorv ca 3hg 100kr _____________ st<\/p>\n\n\n\n<p>\u00c4ppelpaj_______75:-\/st<\/p>\n\n\n\n<p>Vaniljs\u00e5s__________15:-\/st<\/p>\n\n\n\n<p>Vaniljpannacotta med hallont\u00e4cke_________65kr\/st<\/p>\n\n\n\n<p>Gotl\u00e4ndsk saffranspannkaka _______85kr\/st <\/p>\n\n\n\n<p>Chokladmousse___________65kr\/st<\/p>\n\n\n\n<p>Baguette_______40kr\/st<\/p>\n\n\n\n<p>Namn:___________________________________________________<\/p>\n\n\n\n<p>Telefonnr:_________________________________________________<\/p>\n\n\n\n<p>Datum avh\u00e4mtning&nbsp; senast  23\/12&nbsp;f\u00f6re  <\/p>\n\n\n\n<p>kl 13.00:__________________________________________<\/p>\n","protected":false},"excerpt":{"rendered":"<p>Inlagd sill\u00a0\u00a0 (1,75dl) 70kr_______ Husfru-sill\u00a0\u00a0\u00a0\u00a0(1,75dl) 70kr_______ Senapssill\u00a0\u00a0\u00a0\u00a0 (1,75dl) 70kr_______ \u00d6rt&amp;vitl\u00f6kssill\u00a0 (1,75dl) 70kr_______\u00a0 Chili, lime &amp; citrongr\u00e4s-sill (1,75dl) 70kr________ Skagen\u00a0\u00a0\u00a0\u00a0 (1,75dl)100kr_______ Gubbr\u00f6ra\u00a0\u00a0\u00a0\u00a0\u00a0\u00a0 (1,75dl)70kr_______ Gravadlax ca 2hg 105kr____________st Varmr\u00f6ktlax&nbsp; ca 3hg 120kr&nbsp; ____________ st Varmr\u00f6kta laxslag 2hg 100kr __________st Sauce verd (\u00f6rt &hellip; <a href=\"https:\/\/www.bramat.nu\/?page_id=3039\">L\u00e4s mer <span class=\"meta-nav\">&rarr;<\/span><\/a><\/p>\n","protected":false},"author":1,"featured_media":0,"parent":3029,"menu_order":0,"comment_status":"closed","ping_status":"closed","template":"","meta":{"footnotes":""},"class_list":["post-3039","page","type-page","status-publish","hentry"],"_links":{"self":[{"href":"https:\/\/www.bramat.nu\/index.php?rest_route=\/wp\/v2\/pages\/3039","targetHints":{"allow":["GET"]}}],"collection":[{"href":"https:\/\/www.bramat.nu\/index.php?rest_route=\/wp\/v2\/pages"}],"about":[{"href":"https:\/\/www.bramat.nu\/index.php?rest_route=\/wp\/v2\/types\/page"}],"author":[{"embeddable":true,"href":"https:\/\/www.bramat.nu\/index.php?rest_route=\/wp\/v2\/users\/1"}],"replies":[{"embeddable":true,"href":"https:\/\/www.bramat.nu\/index.php?rest_route=%2Fwp%2Fv2%2Fcomments&post=3039"}],"version-history":[{"count":11,"href":"https:\/\/www.bramat.nu\/index.php?rest_route=\/wp\/v2\/pages\/3039\/revisions"}],"predecessor-version":[{"id":4287,"href":"https:\/\/www.bramat.nu\/index.php?rest_route=\/wp\/v2\/pages\/3039\/revisions\/4287"}],"up":[{"embeddable":true,"href":"https:\/\/www.bramat.nu\/index.php?rest_route=\/wp\/v2\/pages\/3029"}],"wp:attachment":[{"href":"https:\/\/www.bramat.nu\/index.php?rest_route=%2Fwp%2Fv2%2Fmedia&parent=3039"}],"curies":[{"name":"wp","href":"https:\/\/api.w.org\/{rel}","templated":true}]}}