{"id":2979,"date":"2021-09-08T16:46:14","date_gmt":"2021-09-08T14:46:14","guid":{"rendered":"https:\/\/www.bramat.nu\/?page_id=2979"},"modified":"2024-06-15T17:28:30","modified_gmt":"2024-06-15T15:28:30","slug":"drink-meny","status":"publish","type":"page","link":"https:\/\/www.bramat.nu\/?page_id=2979","title":{"rendered":"Drink-meny"},"content":{"rendered":"\n<p><strong><u>Paloma <\/u><\/strong>&nbsp;&nbsp;&nbsp;&nbsp;&nbsp;&nbsp;&nbsp;&nbsp;&nbsp;&nbsp;&nbsp;&nbsp;&nbsp;&nbsp;&nbsp;&nbsp;&nbsp;&nbsp;&nbsp;&nbsp;&nbsp;&nbsp;&nbsp;&nbsp;&nbsp;&nbsp;&nbsp;&nbsp;&nbsp;&nbsp;&nbsp;&nbsp;&nbsp;&nbsp;&nbsp;&nbsp;&nbsp;&nbsp;&nbsp;&nbsp;&nbsp;&nbsp;&nbsp;&nbsp;&nbsp;&nbsp;&nbsp;&nbsp;&nbsp;&nbsp;&nbsp;&nbsp;&nbsp;&nbsp;&nbsp;&nbsp;&nbsp;&nbsp;&nbsp;&nbsp;&nbsp;&nbsp;&nbsp;Pink grapefruktsl\u00e4sk tequila och lime en av Mexikos popul\u00e4raste drinkar&nbsp;&nbsp; 155kr<\/p>\n\n\n\n<p><strong><u>Caipirinha<\/u><\/strong>,<\/p>\n\n\n\n<p>Brasiliens stors\u00e4ljare med cacha\u00e7a, muddlad lime och socker serveras p\u00e5 krossad is&nbsp;&nbsp;&nbsp;&nbsp;&nbsp;&nbsp; 155kr<\/p>\n\n\n\n<p><strong><u>Dry martini<\/u><\/strong><strong> <\/strong>med 2 oliver och citron zestTanqueray gin och torr vermouth (5\/1 )&nbsp;&nbsp;&nbsp;&nbsp; 155kr<\/p>\n\n\n\n<p><strong><u>Queens Park Swizzle&nbsp;&nbsp;&nbsp;&nbsp;&nbsp;&nbsp;&nbsp;&nbsp;&nbsp;&nbsp;<\/u><\/strong><\/p>\n\n\n\n<p>Rom fr\u00e5n Trinidad, mynta, socker, lime och angustura&nbsp;&nbsp;&nbsp;&nbsp;&nbsp;&nbsp;&nbsp;&nbsp;&nbsp;&nbsp;&nbsp;&nbsp;&nbsp;&nbsp;&nbsp;&nbsp;&nbsp;&nbsp;&nbsp;&nbsp;&nbsp;&nbsp;&nbsp;&nbsp;&nbsp;&nbsp;&nbsp;&nbsp;&nbsp;&nbsp;&nbsp;&nbsp;&nbsp;&nbsp;&nbsp;&nbsp;&nbsp;&nbsp;&nbsp;&nbsp;&nbsp;&nbsp;&nbsp;&nbsp;&nbsp;&nbsp;&nbsp;&nbsp;&nbsp;&nbsp;&nbsp;&nbsp;&nbsp;&nbsp;&nbsp;&nbsp;&nbsp;&nbsp;&nbsp;&nbsp;&nbsp;&nbsp;&nbsp;&nbsp;&nbsp;&nbsp;&nbsp;&nbsp;&nbsp;&nbsp;&nbsp;&nbsp;&nbsp;&nbsp;&nbsp;&nbsp;&nbsp;&nbsp;&nbsp;&nbsp;&nbsp;&nbsp;&nbsp;&nbsp;&nbsp;&nbsp;&nbsp;&nbsp;&nbsp;&nbsp;&nbsp;&nbsp;&nbsp;&nbsp;&nbsp;&nbsp;&nbsp;&nbsp;&nbsp;&nbsp;&nbsp;&nbsp;&nbsp;&nbsp;&nbsp;&nbsp;&nbsp;&nbsp;&nbsp;&nbsp;&nbsp;&nbsp;&nbsp;&nbsp;&nbsp;&nbsp;&nbsp;&nbsp;&nbsp;&nbsp;&nbsp;&nbsp;&nbsp;&nbsp;&nbsp;&nbsp;&nbsp;&nbsp;&nbsp;&nbsp;&nbsp;&nbsp;&nbsp;&nbsp;&nbsp;&nbsp;&nbsp;&nbsp;&nbsp;&nbsp;&nbsp;&nbsp;&nbsp;&nbsp;&nbsp;&nbsp;&nbsp;&nbsp;&nbsp;&nbsp;&nbsp;&nbsp;&nbsp;&nbsp;&nbsp;&nbsp;&nbsp;&nbsp;&nbsp;&nbsp;&nbsp;&nbsp;&nbsp;&nbsp;&nbsp;&nbsp;&nbsp;&nbsp;&nbsp;&nbsp;&nbsp;&nbsp;&nbsp;&nbsp;&nbsp;&nbsp;&nbsp; Drinken p\u00e5minner om en mojito har sitt ursprung i Trinidad p\u00e5 1920-talet och var hotellet Queen&#8217;s Park Hotel&#8217;s signaturdrink.&nbsp;&nbsp;&nbsp; 165kr<\/p>\n\n\n\n<p><strong><u>Campari Lemon<\/u><\/strong><\/p>\n\n\n\n<p>Skapad p\u00e5 Bra mat 2022&nbsp;&nbsp;&nbsp;&nbsp;&nbsp;&nbsp;&nbsp;&nbsp;&nbsp;&nbsp;&nbsp;&nbsp;&nbsp;&nbsp; Fr\u00e4sch och elegant drink med campari, limoncello och citron skakas med \u00e4ggvita&nbsp;&nbsp;&nbsp;&nbsp; 155kr<\/p>\n\n\n\n<p><strong><u>Sazerac<\/u><\/strong><\/p>\n\n\n\n<p>Kallr\u00f6rd och Elegant drink med Rey whiskey, absint, socker och peychaud bitters serveras i fryst glas med citron zest.&nbsp;&nbsp;&nbsp;&nbsp;&nbsp;&nbsp;&nbsp;&nbsp;&nbsp;&nbsp;&nbsp;&nbsp;&nbsp;&nbsp;&nbsp;&nbsp;&nbsp;&nbsp;&nbsp;&nbsp;&nbsp;&nbsp;&nbsp;&nbsp;&nbsp;&nbsp;&nbsp;&nbsp;&nbsp;&nbsp;&nbsp;&nbsp;&nbsp;&nbsp;&nbsp;&nbsp;&nbsp;&nbsp;&nbsp;&nbsp;&nbsp;&nbsp; Omdiskuterad drink som anses vara USAs f\u00f6rsta drink men med ursprung fr\u00e5n Frankrike. Nu mera New Orleans och staten Louisianas officiella signaturdrink. 155kr<\/p>\n\n\n\n<p><strong><u>Whiskey sour<\/u><\/strong><\/p>\n\n\n\n<p>Skakad med Bourbon, citron,&nbsp; socker och \u00e4ggvita&nbsp;&nbsp;&nbsp; 155kr<\/p>\n\n\n\n<p><strong><u>Tiki drinkar<\/u><\/strong><\/p>\n\n\n\n<p><strong><u>Pina colada<\/u><\/strong><\/p>\n\n\n\n<p>&nbsp;f\u00f6rmodligen den k\u00e4ndaste tiki drinken med ljus rom, kokos o ananas&nbsp;&nbsp;&nbsp;&nbsp;&nbsp; 165kr<\/p>\n\n\n\n<p><strong><u>Coconut Passion<\/u><\/strong><\/p>\n\n\n\n<p>Syrlig och tropisk drink, sommar och sol, n\u00e4r det \u00e4r som allra b\u00e4st \ud83d\ude42<\/p>\n\n\n\n<p>Skapad av BRA MAT 2021<\/p>\n\n\n\n<p>165kr<\/p>\n\n\n\n<p><strong><u>Jordgubbscaipiroska<\/u><\/strong><\/p>\n\n\n\n<p>Vodka, lime, jordgubb &amp; krossad is \u2013 155kr<\/p>\n\n\n\n<p><strong><u>Romfrappe<\/u><\/strong><\/p>\n\n\n\n<p>Bra mats romfrappe med smaker av kaffe, karamell &amp; vanilj smaksatt med m\u00f6rk rom \u2013 165kr<\/p>\n\n\n\n<p><strong><u>Cold brew Espresso martini<\/u><\/strong><\/p>\n\n\n\n<p>Kallbryggt espressokaffe, borghetti &amp; vodka&nbsp; -155kr<\/p>\n\n\n\n<p><strong><u>Mojito<\/u><\/strong><\/p>\n\n\n\n<p>Rom, lime, mynta &amp; socker samt krossad is -155kr<\/p>\n\n\n\n<p><strong><u>Negroni<\/u><\/strong><\/p>\n\n\n\n<p>Campari, s\u00f6t vermut &amp; gin samt apelsin cest, k\u00e4nd drink fr\u00e5n Italien -155kr<\/p>\n\n\n\n<p><strong><u>GT<\/u><\/strong><\/p>\n\n\n\n<p>Gin &amp; tonic&nbsp;<\/p>\n\n\n\n<p>Liten -155kr&nbsp; Stor \u2013 235kr<\/p>\n\n\n\n<p><strong><u>Alkoholfria drinkar Kalla<\/u><\/strong><\/p>\n\n\n\n<p><strong>Mojito <\/strong>\u2013 Lime, mynta, socker Toppad med sodavatten&nbsp; -95kr<\/p>\n\n\n\n<p><strong>Coconut passion<\/strong> &#8211; Syrlig och tropisk drink, sommar och sol, n\u00e4r det \u00e4r som allra b\u00e4st \ud83d\ude42&nbsp;&nbsp;<\/p>\n\n\n\n<p>Skapad av BRA MAT 2021 -105kr<\/p>\n\n\n\n<p><strong>Bitter lemon spritz<\/strong> \u2013 95kr<\/p>\n\n\n\n<p><strong><u>Varma drinkar<\/u><\/strong><\/p>\n\n\n\n<p><strong><u>Irish coffee<\/u><\/strong><\/p>\n\n\n\n<p>Varmt Kaffe, Jamesson &amp; socker toppas med gr\u00e4dd-float&nbsp;&nbsp; 155kr<\/p>\n\n\n\n<p><strong><u>Kaffe karlsson&nbsp;<\/u><\/strong><\/p>\n\n\n\n<p>Varmt kaffe cointreau och baileys<\/p>\n\n\n\n<p>Toppad med gr\u00e4dd-float toppat med riven choklad 155kr<\/p>\n\n\n\n<p><strong><u>Spanich coffee<\/u><\/strong><\/p>\n\n\n\n<p>Varmt kaffe &amp; lik\u00f6r 43 toppas med gr\u00e4dd-float 155kr<\/p>\n\n\n\n<p><\/p>\n\n\n\n<p>Vi reserverar oss f\u00f6r eventuella \u00e4ndringar<\/p>\n","protected":false},"excerpt":{"rendered":"<p>Paloma &nbsp;&nbsp;&nbsp;&nbsp;&nbsp;&nbsp;&nbsp;&nbsp;&nbsp;&nbsp;&nbsp;&nbsp;&nbsp;&nbsp;&nbsp;&nbsp;&nbsp;&nbsp;&nbsp;&nbsp;&nbsp;&nbsp;&nbsp;&nbsp;&nbsp;&nbsp;&nbsp;&nbsp;&nbsp;&nbsp;&nbsp;&nbsp;&nbsp;&nbsp;&nbsp;&nbsp;&nbsp;&nbsp;&nbsp;&nbsp;&nbsp;&nbsp;&nbsp;&nbsp;&nbsp;&nbsp;&nbsp;&nbsp;&nbsp;&nbsp;&nbsp;&nbsp;&nbsp;&nbsp;&nbsp;&nbsp;&nbsp;&nbsp;&nbsp;&nbsp;&nbsp;&nbsp;&nbsp;Pink grapefruktsl\u00e4sk tequila och lime en av Mexikos popul\u00e4raste drinkar&nbsp;&nbsp; 155kr Caipirinha, Brasiliens stors\u00e4ljare med cacha\u00e7a, muddlad lime och socker serveras p\u00e5 krossad is&nbsp;&nbsp;&nbsp;&nbsp;&nbsp;&nbsp; 155kr Dry martini med 2 oliver och citron zestTanqueray gin och torr vermouth (5\/1 )&nbsp;&nbsp;&nbsp;&nbsp; &hellip; <a href=\"https:\/\/www.bramat.nu\/?page_id=2979\">L\u00e4s mer <span class=\"meta-nav\">&rarr;<\/span><\/a><\/p>\n","protected":false},"author":1,"featured_media":0,"parent":0,"menu_order":2,"comment_status":"closed","ping_status":"closed","template":"","meta":{"footnotes":""},"class_list":["post-2979","page","type-page","status-publish","hentry"],"_links":{"self":[{"href":"https:\/\/www.bramat.nu\/index.php?rest_route=\/wp\/v2\/pages\/2979","targetHints":{"allow":["GET"]}}],"collection":[{"href":"https:\/\/www.bramat.nu\/index.php?rest_route=\/wp\/v2\/pages"}],"about":[{"href":"https:\/\/www.bramat.nu\/index.php?rest_route=\/wp\/v2\/types\/page"}],"author":[{"embeddable":true,"href":"https:\/\/www.bramat.nu\/index.php?rest_route=\/wp\/v2\/users\/1"}],"replies":[{"embeddable":true,"href":"https:\/\/www.bramat.nu\/index.php?rest_route=%2Fwp%2Fv2%2Fcomments&post=2979"}],"version-history":[{"count":5,"href":"https:\/\/www.bramat.nu\/index.php?rest_route=\/wp\/v2\/pages\/2979\/revisions"}],"predecessor-version":[{"id":3921,"href":"https:\/\/www.bramat.nu\/index.php?rest_route=\/wp\/v2\/pages\/2979\/revisions\/3921"}],"wp:attachment":[{"href":"https:\/\/www.bramat.nu\/index.php?rest_route=%2Fwp%2Fv2%2Fmedia&parent=2979"}],"curies":[{"name":"wp","href":"https:\/\/api.w.org\/{rel}","templated":true}]}}