{"id":2651,"date":"2020-04-13T15:01:21","date_gmt":"2020-04-13T13:01:21","guid":{"rendered":"http:\/\/www.bramat.nu\/?page_id=2651"},"modified":"2026-01-30T17:29:02","modified_gmt":"2026-01-30T16:29:02","slug":"ta-med-hemtake-a-way","status":"publish","type":"page","link":"https:\/\/www.bramat.nu\/?page_id=2651","title":{"rendered":"Ta med hem\/take a way fr\u00e5n kyldisken"},"content":{"rendered":"<p>Take a way till n\u00e4ra &amp; k\u00e4ra.<\/p>\n<p>R\u00f6dtunga-grat\u00e4ng med sparris, r\u00e4kor &amp; vitvinss\u00e5s\u00a0 \u00a0 115kr<\/p>\n<p>R\u00f6dsp\u00e4tta med hummers\u00e5s\u00a0 115kr<\/p>\n<p>Laxgrat\u00e4ng med gr\u00e4sl\u00f6kss\u00e5s\u00a0 \u00a0 \u00a0115kr<\/p>\n<p>Laxpudding med dill &amp; citron\u00a0 \u00a0 \u00a0105kr<\/p>\n<p>Lasagne al Forno\u00a0 \u00a0 110kr<\/p>\n<p>Skaldjurs lasagne 110kr<\/p>\n<p>Skagenr\u00f6ra 55kr st\u00f6rre burk 110kr<\/p>\n<p>Baguette 40kr<\/p>\n<p>Aioli 25kr<\/p>\n<p>Vaniljs\u00e5s\u00a0 15kr<\/p>\n<p>\u00c4ppelpaj\u00a0 \u00a075kr<\/p>\n<p>&nbsp;<\/p>\n<p>Vi har \u00e4ven matl\u00e5da f\u00f6r 85kr varierande utbud<\/p>\n<p>Detta st\u00e5r i kyl mitt i restaurangen, kom in &amp; titta vad som finns f\u00f6r dagen.<\/p>\n<p>Fr\u00e5ga oss g\u00e4rna om allergener.<\/p>\n","protected":false},"excerpt":{"rendered":"<p>Take a way till n\u00e4ra &amp; k\u00e4ra. R\u00f6dtunga-grat\u00e4ng med sparris, r\u00e4kor &amp; vitvinss\u00e5s\u00a0 \u00a0 115kr R\u00f6dsp\u00e4tta med hummers\u00e5s\u00a0 115kr Laxgrat\u00e4ng med gr\u00e4sl\u00f6kss\u00e5s\u00a0 \u00a0 \u00a0115kr Laxpudding med dill &amp; citron\u00a0 \u00a0 \u00a0105kr Lasagne al Forno\u00a0 \u00a0 110kr Skaldjurs lasagne 110kr Skagenr\u00f6ra &hellip; <a href=\"https:\/\/www.bramat.nu\/?page_id=2651\">L\u00e4s mer <span class=\"meta-nav\">&rarr;<\/span><\/a><\/p>\n","protected":false},"author":1,"featured_media":0,"parent":4,"menu_order":4,"comment_status":"closed","ping_status":"closed","template":"","meta":{"footnotes":""},"class_list":["post-2651","page","type-page","status-publish","hentry"],"_links":{"self":[{"href":"https:\/\/www.bramat.nu\/index.php?rest_route=\/wp\/v2\/pages\/2651","targetHints":{"allow":["GET"]}}],"collection":[{"href":"https:\/\/www.bramat.nu\/index.php?rest_route=\/wp\/v2\/pages"}],"about":[{"href":"https:\/\/www.bramat.nu\/index.php?rest_route=\/wp\/v2\/types\/page"}],"author":[{"embeddable":true,"href":"https:\/\/www.bramat.nu\/index.php?rest_route=\/wp\/v2\/users\/1"}],"replies":[{"embeddable":true,"href":"https:\/\/www.bramat.nu\/index.php?rest_route=%2Fwp%2Fv2%2Fcomments&post=2651"}],"version-history":[{"count":11,"href":"https:\/\/www.bramat.nu\/index.php?rest_route=\/wp\/v2\/pages\/2651\/revisions"}],"predecessor-version":[{"id":4376,"href":"https:\/\/www.bramat.nu\/index.php?rest_route=\/wp\/v2\/pages\/2651\/revisions\/4376"}],"up":[{"embeddable":true,"href":"https:\/\/www.bramat.nu\/index.php?rest_route=\/wp\/v2\/pages\/4"}],"wp:attachment":[{"href":"https:\/\/www.bramat.nu\/index.php?rest_route=%2Fwp%2Fv2%2Fmedia&parent=2651"}],"curies":[{"name":"wp","href":"https:\/\/api.w.org\/{rel}","templated":true}]}}