{"id":2,"date":"2012-08-14T05:25:48","date_gmt":"2012-08-14T05:25:48","guid":{"rendered":"http:\/\/localhost\/wordpress\/?page_id=2"},"modified":"2026-03-12T11:01:05","modified_gmt":"2026-03-12T10:01:05","slug":"exempelsida","status":"publish","type":"page","link":"https:\/\/www.bramat.nu\/","title":{"rendered":"Nyheter"},"content":{"rendered":"\n<div class=\"wp-block-columns is-layout-flex wp-container-core-columns-is-layout-9d6595d7 wp-block-columns-is-layout-flex\">\n<div class=\"wp-block-column is-layout-flow wp-block-column-is-layout-flow\" style=\"flex-basis:100%\">\n<p>Solen \u00e4r h\u00e4r &amp; uteserveringen uppe!\u00a0<\/p>\n<p>Varmt v\u00e4lkomna!<\/p>\n<p>&nbsp;<\/p>\n<p>Mvh Bra mat<\/p>\n<p style=\"text-align: left;\"><a href=\"http:\/\/www.facebook.com\/pages\/Bra-Mat\/116627741740343?fref=ts\"><img loading=\"lazy\" decoding=\"async\" class=\"alignleft size-full wp-image-64\" style=\"border: 0px currentColor;\" title=\"facebook\" src=\"https:\/\/www.bramat.nu\/wp-content\/uploads\/2012\/08\/facebook_like_60.png\" alt=\"\" width=\"60\" height=\"60\" \/><\/a><\/p>\n<p>Gilla oss p\u00e5 facebook och h\u00e5ll dig uppdaterad om v\u00e5ra nyheter!<\/p>\n<\/div>\n<\/div>\n\n\n\n<p><\/p>\n","protected":false},"excerpt":{"rendered":"<p>Solen \u00e4r h\u00e4r &amp; uteserveringen uppe!\u00a0 Varmt v\u00e4lkomna! &nbsp; Mvh Bra mat Gilla oss p\u00e5 facebook och h\u00e5ll dig uppdaterad om v\u00e5ra nyheter!<\/p>\n","protected":false},"author":1,"featured_media":0,"parent":0,"menu_order":0,"comment_status":"closed","ping_status":"closed","template":"","meta":{"footnotes":""},"class_list":["post-2","page","type-page","status-publish","hentry"],"_links":{"self":[{"href":"https:\/\/www.bramat.nu\/index.php?rest_route=\/wp\/v2\/pages\/2","targetHints":{"allow":["GET"]}}],"collection":[{"href":"https:\/\/www.bramat.nu\/index.php?rest_route=\/wp\/v2\/pages"}],"about":[{"href":"https:\/\/www.bramat.nu\/index.php?rest_route=\/wp\/v2\/types\/page"}],"author":[{"embeddable":true,"href":"https:\/\/www.bramat.nu\/index.php?rest_route=\/wp\/v2\/users\/1"}],"replies":[{"embeddable":true,"href":"https:\/\/www.bramat.nu\/index.php?rest_route=%2Fwp%2Fv2%2Fcomments&post=2"}],"version-history":[{"count":280,"href":"https:\/\/www.bramat.nu\/index.php?rest_route=\/wp\/v2\/pages\/2\/revisions"}],"predecessor-version":[{"id":4406,"href":"https:\/\/www.bramat.nu\/index.php?rest_route=\/wp\/v2\/pages\/2\/revisions\/4406"}],"wp:attachment":[{"href":"https:\/\/www.bramat.nu\/index.php?rest_route=%2Fwp%2Fv2%2Fmedia&parent=2"}],"curies":[{"name":"wp","href":"https:\/\/api.w.org\/{rel}","templated":true}]}}