{"id":13,"date":"2012-08-16T18:28:56","date_gmt":"2012-08-16T16:28:56","guid":{"rendered":"http:\/\/localhost\/wordpress\/?page_id=13"},"modified":"2012-12-17T11:43:50","modified_gmt":"2012-12-17T10:43:50","slug":"om-oss","status":"publish","type":"page","link":"https:\/\/www.bramat.nu\/?page_id=13","title":{"rendered":"Om oss"},"content":{"rendered":"<p>Hej!<\/p>\n<p>Jag som driver den h\u00e4r verksamheten heter Kalle och har mina r\u00f6tter h\u00e4r i Sundbyberg. Under min uppv\u00e4xt har maten alltid varit det st\u00f6rsta samtals\u00e4mnet och det gemensamma intresset i v\u00e5r familj. I varje fall n\u00e4r det g\u00e4ller min mor och far.<\/p>\n<p>Min vision om att bli kock b\u00f6rjade redan som fyra\u00e5ring, men sattes stopp f\u00f6r n\u00e4r jag skulle s\u00f6ka in p\u00e5 gymnasiet. &#8221;N\u00e5gon kockusling ska\u00a0du inte bli!&#8221;\u00a0sa min far.\u00a0Tillbaka i tiden d\u00e5 han sj\u00e4lv jobbade p\u00e5 krogen var det allt f\u00f6r l\u00e4tt att falla dit f\u00f6r k\u00f6ksvinet.<\/p>\n<p>N\u00e5v\u00e4l, han ville bara v\u00e4l, men min vilja gick inte att stoppa.<\/p>\n<p>Efter ett \u00e5r p\u00e5 fordonslinjen besl\u00f6t jag mig f\u00f6r att ist\u00e4llet s\u00f6ka hotell- och restaurangprogrammet, och efter mycket besv\u00e4r och ett antal k\u00f6platser kom jag till slut in.<\/p>\n<p>Lyckan var uppfylld, jag skulle bli en livs levande kock! Jag kommer ih\u00e5g n\u00e4r jag f\u00f6r f\u00f6rsta g\u00e5ngen tr\u00e4ffade kockl\u00e4raren, han stod d\u00e4r i d\u00f6rr\u00f6ppningen och h\u00e4lsade alla v\u00e4lkomna. Ikl\u00e4dd hela utstyrseln som en kock skall ha, till och med en liten scarf som kockar hade f\u00f6rr i tiden.<\/p>\n<p>Det allra f\u00f6rsta vi fick g\u00f6ra var att skala och hacka l\u00f6k. Han skar s\u00e5d\u00e4r h\u00e4ftigt snabbt som alla kockarna p\u00e5 TV gjorde. Redan d\u00e5 best\u00e4mde jag mig f\u00f6r att det h\u00e4r skall jag h\u00e5lla p\u00e5 med tills jag trillar av pinnen!<\/p>\n<p>Sj\u00e4lvklart\u00a0menar jag\u00a0inte bara att hacka l\u00f6k, utan hela grejen runt omkring matlagningen. Jag fascinerades av att vart man \u00e4n v\u00e4nder sig inom matv\u00e4rlden s\u00e5 finns det nya d\u00f6rrar som \u00f6ppnas och nya utmaningar.<\/p>\n<p>&nbsp;<\/p>\n<p>Roland P\u00e4rson p\u00e5 f.d. Franska matsalen sa en g\u00e5ng till mig att man aldrig kan bli en full\u00e4rd kock. D.v.s. hela tiden kommer det nya varor, nya influenser fr\u00e5n andra l\u00e4nder, hela tiden kan man l\u00e4ra om man vill och framf\u00f6r allt \u00e4r det roligt s\u00e5 l\u00e4nge man utvecklas.<\/p>\n<p>Man kan fr\u00e5ga sig varf\u00f6r min vilja att bli kock och h\u00e5lla p\u00e5 med just fisk och skaldjur \u00e4r s\u00e5 stor. Antagligen \u00e4r det bara en slump, men min far h\u00e4vdar att det ligger i generna!<\/p>\n<p>Jag \u00e4r fj\u00e4rde generationen i min familj som g\u00f6r det. S\u00e5 l\u00e5ngt vi k\u00e4nner till s\u00e5 var min farfars far fisknasare och s\u00e5lde fisk till andra f\u00f6rs\u00e4ljare. Min farmor hade en fiskbutik i Sp\u00e5nga, och min farfar var fiskansvarig p\u00e5 Arvid Nordqvist i sitt yrkesliv.<img loading=\"lazy\" decoding=\"async\" width=\"95\" height=\"292\" class=\"alignright  wp-image-40\" style=\"border: 0px currentColor;\" title=\"Carl-Mikael J\u00f6nsson\" src=\"https:\/\/www.bramat.nu\/wp-content\/uploads\/2012\/08\/cmj.jpg\" alt=\"Carl-Mikael J\u00f6nsson\" \/><\/p>\n<p>S\u00e5 det f\u00f6ll sig naturligt att min far och hans br\u00f6der fick slita h\u00e5rt under tuffa f\u00f6rh\u00e5llanden i sin mors fiskaff\u00e4r. &#8221;\u00c4ta fisk \u00e5tta dagar i veckan, och j\u00e4klar den som gn\u00e4llde!&#8221; brukar min far s\u00e4ga.<\/p>\n<p>Mycket har f\u00f6r\u00e4ndrats sedan dess!<br \/>\nFisken var f\u00f6rr n\u00f6dv\u00e4ndig, billig och l\u00e4tt att f\u00e5 tag i. Idag \u00e4r fisken fortfarande n\u00f6dv\u00e4ndig men sv\u00e5rare att f\u00e5 tag i och anses vara mer lyxig.<br \/>\nAlla som gillar och \u00e4ter fisk ofta vet att man m\u00e5r b\u00e4ttre efter\u00e5t.<\/p>\n<p>Carl-Mikael J\u00f6nsson Kr\u00f6gare<\/p>\n","protected":false},"excerpt":{"rendered":"<p>Hej! Jag som driver den h\u00e4r verksamheten heter Kalle och har mina r\u00f6tter h\u00e4r i Sundbyberg. Under min uppv\u00e4xt har maten alltid varit det st\u00f6rsta samtals\u00e4mnet och det gemensamma intresset i v\u00e5r familj. I varje fall n\u00e4r det g\u00e4ller min &hellip; <a href=\"https:\/\/www.bramat.nu\/?page_id=13\">L\u00e4s mer <span class=\"meta-nav\">&rarr;<\/span><\/a><\/p>\n","protected":false},"author":1,"featured_media":0,"parent":0,"menu_order":5,"comment_status":"closed","ping_status":"closed","template":"","meta":{"footnotes":""},"class_list":["post-13","page","type-page","status-publish","hentry"],"_links":{"self":[{"href":"https:\/\/www.bramat.nu\/index.php?rest_route=\/wp\/v2\/pages\/13","targetHints":{"allow":["GET"]}}],"collection":[{"href":"https:\/\/www.bramat.nu\/index.php?rest_route=\/wp\/v2\/pages"}],"about":[{"href":"https:\/\/www.bramat.nu\/index.php?rest_route=\/wp\/v2\/types\/page"}],"author":[{"embeddable":true,"href":"https:\/\/www.bramat.nu\/index.php?rest_route=\/wp\/v2\/users\/1"}],"replies":[{"embeddable":true,"href":"https:\/\/www.bramat.nu\/index.php?rest_route=%2Fwp%2Fv2%2Fcomments&post=13"}],"version-history":[{"count":12,"href":"https:\/\/www.bramat.nu\/index.php?rest_route=\/wp\/v2\/pages\/13\/revisions"}],"predecessor-version":[{"id":223,"href":"https:\/\/www.bramat.nu\/index.php?rest_route=\/wp\/v2\/pages\/13\/revisions\/223"}],"wp:attachment":[{"href":"https:\/\/www.bramat.nu\/index.php?rest_route=%2Fwp%2Fv2%2Fmedia&parent=13"}],"curies":[{"name":"wp","href":"https:\/\/api.w.org\/{rel}","templated":true}]}}